{"id":10740,"date":"2026-02-06T16:05:42","date_gmt":"2026-02-06T08:05:42","guid":{"rendered":"https:\/\/d2j5kp3mpq.onrocket.site\/?post_type=product&#038;p=10740"},"modified":"2026-02-06T16:05:42","modified_gmt":"2026-02-06T08:05:42","slug":"custom-gold-hexagon-jewelry-box-luxury-hexagonal-jewelry-packaging-with-velvet-insert","status":"publish","type":"product","link":"https:\/\/h2packaging.com\/pt\/produto\/custom-gold-hexagon-jewelry-box-luxury-hexagonal-jewelry-packaging-with-velvet-insert\/","title":{"rendered":"Caixa de j\u00f3ias hexagonal dourada personalizada | Embalagem de j\u00f3ias hexagonal de luxo com inser\u00e7\u00e3o de veludo"},"content":{"rendered":"<h2 data-start=\"1335\" data-end=\"1363\">Vis\u00e3o geral do produto<\/h2>\n<p data-start=\"1365\" data-end=\"1486\">O nosso <strong data-start=\"1369\" data-end=\"1418\">caixas de embalagem hexagonais douradas para j\u00f3ias de luxo<\/strong> s\u00e3o concebidos para melhorar a imagem da sua marca e elevar o valor do produto.<\/p>\n<p data-start=\"1488\" data-end=\"1649\">Com uma estrutura \u00fanica de seis lados, uma elegante superf\u00edcie dourada texturizada e um forro de veludo azul profundo, esta caixa cria uma experi\u00eancia de desembalagem de primeira qualidade para os clientes.<\/p>\n<p data-start=\"1651\" data-end=\"1818\">A estrutura r\u00edgida e o interior macio protegem eficazmente os brincos, colares, pulseiras e j\u00f3ias finas de riscos e danos durante o armazenamento e o transporte.<\/p>\n<p data-start=\"1820\" data-end=\"1931\">Perfeito para marcas de j\u00f3ias, retalhistas e fornecedores de presentes que procuram solu\u00e7\u00f5es de embalagem distintas e de alta qualidade.<\/p>\n<hr data-start=\"1933\" data-end=\"1936\" \/>\n<h2 data-start=\"1938\" data-end=\"1962\">\ud83d\udd37 Carater\u00edsticas principais<\/h2>\n<p data-start=\"1964\" data-end=\"2186\">Hex\u00e1gono \u00fanico \/ Design de seis lados<br data-start=\"1999\" data-end=\"2002\" \/>Acabamento mate dourado de luxo<br data-start=\"2028\" data-end=\"2031\" \/>Estrutura em cart\u00e3o r\u00edgido de qualidade superior<br data-start=\"2067\" data-end=\"2070\" \/>Veludo macio \/ inser\u00e7\u00e3o de camur\u00e7a<br data-start=\"2098\" data-end=\"2101\" \/>Prote\u00e7\u00e3o forte das j\u00f3ias<br data-start=\"2128\" data-end=\"2131\" \/>Apresenta\u00e7\u00e3o elegante de um presente<br data-start=\"2158\" data-end=\"2161\" \/>Log\u00f3tipo personalizado dispon\u00edvel<\/p>\n<hr data-start=\"2188\" data-end=\"2191\" \/>\n<h2 data-start=\"2193\" data-end=\"2217\">\ud83d\udd37 Aplica\u00e7\u00f5es<\/h2>\n<p data-start=\"2219\" data-end=\"2232\">Adequado para:<\/p>\n<ul data-start=\"2234\" data-end=\"2387\">\n<li data-start=\"2234\" data-end=\"2256\">\n<p data-start=\"2236\" data-end=\"2256\">Embalagem dos brincos<\/p>\n<\/li>\n<li data-start=\"2257\" data-end=\"2280\">\n<p data-start=\"2259\" data-end=\"2280\">Caixas de oferta para colares<\/p>\n<\/li>\n<li data-start=\"2281\" data-end=\"2307\">\n<p data-start=\"2283\" data-end=\"2307\">Caixas para guardar pulseiras<\/p>\n<\/li>\n<li data-start=\"2308\" data-end=\"2329\">\n<p data-start=\"2310\" data-end=\"2329\">Conjuntos de oferta de j\u00f3ias<\/p>\n<\/li>\n<li data-start=\"2330\" data-end=\"2362\">\n<p data-start=\"2332\" data-end=\"2362\">Embalagem de acess\u00f3rios de luxo<\/p>\n<\/li>\n<li data-start=\"2363\" data-end=\"2387\">\n<p data-start=\"2365\" data-end=\"2387\">Expositor de retalho da marca<\/p>\n<\/li>\n<\/ul>\n<hr data-start=\"2389\" data-end=\"2392\" \/>\n<h2 data-start=\"2394\" data-end=\"2427\">\ud83d\udd37 Op\u00e7\u00f5es de personaliza\u00e7\u00e3o<\/h2>\n<p data-start=\"2429\" data-end=\"2467\">Oferecemos personaliza\u00e7\u00e3o completa de OEM e ODM:<\/p>\n<h3 data-start=\"2469\" data-end=\"2480\">\ud83d\udcd0 Tamanho<\/h3>\n<ul data-start=\"2481\" data-end=\"2510\">\n<li data-start=\"2481\" data-end=\"2510\">\n<p data-start=\"2483\" data-end=\"2510\">Dimens\u00f5es totalmente personalizadas<\/p>\n<\/li>\n<\/ul>\n<h3 data-start=\"2512\" data-end=\"2528\">\ud83d\udcc4 Materiais<\/h3>\n<ul data-start=\"2529\" data-end=\"2606\">\n<li data-start=\"2529\" data-end=\"2554\">\n<p data-start=\"2531\" data-end=\"2554\">Cart\u00e3o cinzento + papel de arte<\/p>\n<\/li>\n<li data-start=\"2555\" data-end=\"2583\">\n<p data-start=\"2557\" data-end=\"2583\">Papel com textura especial<\/p>\n<\/li>\n<li data-start=\"2584\" data-end=\"2606\">\n<p data-start=\"2586\" data-end=\"2606\">Papel amigo do ambiente<\/p>\n<\/li>\n<\/ul>\n<h3 data-start=\"2608\" data-end=\"2623\">\ud83c\udfa8 Impress\u00e3o<\/h3>\n<ul data-start=\"2624\" data-end=\"2683\">\n<li data-start=\"2624\" data-end=\"2642\">\n<p data-start=\"2626\" data-end=\"2642\">CMYK \/ Pantone<\/p>\n<\/li>\n<li data-start=\"2643\" data-end=\"2662\">\n<p data-start=\"2645\" data-end=\"2662\">Impress\u00e3o em offset<\/p>\n<\/li>\n<li data-start=\"2663\" data-end=\"2683\">\n<p data-start=\"2665\" data-end=\"2683\">Impress\u00e3o digital<\/p>\n<\/li>\n<\/ul>\n<h3 data-start=\"2685\" data-end=\"2700\">\u2728 Acabamento<\/h3>\n<ul data-start=\"2701\" data-end=\"2781\">\n<li data-start=\"2701\" data-end=\"2723\">\n<p data-start=\"2703\" data-end=\"2723\">Folha de ouro \/ prata<\/p>\n<\/li>\n<li data-start=\"2724\" data-end=\"2743\">\n<p data-start=\"2726\" data-end=\"2743\">Estampagem \/ Estampagem<\/p>\n<\/li>\n<li data-start=\"2744\" data-end=\"2755\">\n<p data-start=\"2746\" data-end=\"2755\">UV pontual<\/p>\n<\/li>\n<li data-start=\"2756\" data-end=\"2781\">\n<p data-start=\"2758\" data-end=\"2781\">Lamina\u00e7\u00e3o de toque suave<\/p>\n<\/li>\n<\/ul>\n<h3 data-start=\"2783\" data-end=\"2797\">\ud83d\udce6 Inser\u00e7\u00f5es<\/h3>\n<ul data-start=\"2798\" data-end=\"2869\">\n<li data-start=\"2798\" data-end=\"2815\">\n<p data-start=\"2800\" data-end=\"2815\">Inser\u00e7\u00e3o de veludo<\/p>\n<\/li>\n<li data-start=\"2816\" data-end=\"2832\">\n<p data-start=\"2818\" data-end=\"2832\">Inser\u00e7\u00e3o de camur\u00e7a<\/p>\n<\/li>\n<li data-start=\"2833\" data-end=\"2847\">\n<p data-start=\"2835\" data-end=\"2847\">EVA \/ Espuma<\/p>\n<\/li>\n<li data-start=\"2848\" data-end=\"2869\">\n<p data-start=\"2850\" data-end=\"2869\">Tabuleiro de papel personalizado<\/p>\n<\/li>\n<\/ul>\n<hr data-start=\"2871\" data-end=\"2874\" \/>\n<h2 data-start=\"2876\" data-end=\"2904\">\ud83d\udd37 Porqu\u00ea escolher-nos<\/h2>\n<p data-start=\"2906\" data-end=\"3111\">\u2714 Fabricante direto da f\u00e1brica<br data-start=\"2935\" data-end=\"2938\" \/>Pre\u00e7o competitivo por atacado<br data-start=\"2967\" data-end=\"2970\" \/>Suporte para baixo MOQ<br data-start=\"2989\" data-end=\"2992\" \/>Dieline &amp; Mockup gr\u00e1tis<br data-start=\"3015\" data-end=\"3018\" \/>Servi\u00e7o de amostragem r\u00e1pida<br data-start=\"3041\" data-end=\"3044\" \/>Controlo de qualidade rigoroso<br data-start=\"3068\" data-end=\"3071\" \/>Experi\u00eancia em exporta\u00e7\u00e3o (EUA\/UE\/global)<\/p>\n<p data-start=\"3113\" data-end=\"3202\">Ajudamos as marcas de j\u00f3ias a criar uma forte identidade visual e a aumentar o valor percebido do produto.<\/p>","protected":false},"excerpt":{"rendered":"<p>Pr\u00e9mio <strong data-start=\"1184\" data-end=\"1214\">caixa de j\u00f3ias hexagonal personalizada<\/strong> com acabamento dourado de luxo e inser\u00e7\u00e3o de veludo macio, concebida para brincos, colares e embalagens de j\u00f3ias de alta qualidade.<\/p>","protected":false},"featured_media":0,"template":"","meta":{"_joinchat":[]},"product_brand":[],"product_cat":[117],"product_tag":[],"class_list":{"0":"post-10740","1":"product","2":"type-product","3":"status-publish","5":"product_cat-hexagon-box","7":"first","8":"instock","9":"shipping-taxable","10":"product-type-simple"},"acf":[],"_links":{"self":[{"href":"https:\/\/h2packaging.com\/pt\/wp-json\/wp\/v2\/product\/10740","targetHints":{"allow":["GET"]}}],"collection":[{"href":"https:\/\/h2packaging.com\/pt\/wp-json\/wp\/v2\/product"}],"about":[{"href":"https:\/\/h2packaging.com\/pt\/wp-json\/wp\/v2\/types\/product"}],"wp:attachment":[{"href":"https:\/\/h2packaging.com\/pt\/wp-json\/wp\/v2\/media?parent=10740"}],"wp:term":[{"taxonomy":"product_brand","embeddable":true,"href":"https:\/\/h2packaging.com\/pt\/wp-json\/wp\/v2\/product_brand?post=10740"},{"taxonomy":"product_cat","embeddable":true,"href":"https:\/\/h2packaging.com\/pt\/wp-json\/wp\/v2\/product_cat?post=10740"},{"taxonomy":"product_tag","embeddable":true,"href":"https:\/\/h2packaging.com\/pt\/wp-json\/wp\/v2\/product_tag?post=10740"}],"curies":[{"name":"wp","href":"https:\/\/api.w.org\/{rel}","templated":true}]}}