{"id":9100,"date":"2025-12-22T20:53:49","date_gmt":"2025-12-22T12:53:49","guid":{"rendered":"https:\/\/tbc72w920v.onrocket.site\/product\/luxury-orchid-rigid-box-for-electronic-gift-packaging\/"},"modified":"2026-02-04T17:28:16","modified_gmt":"2026-02-04T09:28:16","slug":"luxury-orchid-rigid-box-for-electronic-gift-packaging","status":"publish","type":"product","link":"https:\/\/h2packaging.com\/pt\/produto\/luxury-orchid-rigid-box-for-electronic-gift-packaging\/","title":{"rendered":"Caixa de embalagem de sobremesa em cubo personalizada | Caixa de presente de doces quadrados de luxo"},"content":{"rendered":"<h2 data-start=\"1238\" data-end=\"1266\">\ud83d\udd37 Product Overview<\/h2>\n<p data-start=\"1268\" data-end=\"1398\">O nosso <strong data-start=\"1272\" data-end=\"1311\">luxury cube dessert packaging boxes<\/strong> are designed for premium confectionery, pastries, chocolates, and gourmet food brands.<\/p>\n<p data-start=\"1400\" data-end=\"1535\">With a modern square structure and minimalist appearance, these boxes deliver strong visual impact on retail shelves and gift displays.<\/p>\n<p data-start=\"1537\" data-end=\"1699\">Made from high-quality rigid paperboard and coated with premium surface finishes, this packaging ensures excellent protection, durability, and brand presentation.<\/p>\n<p data-start=\"1701\" data-end=\"1799\">Perfect for brands looking to enhance product value through professional and customized packaging.<\/p>\n<hr data-start=\"1801\" data-end=\"1804\" \/>\n<h2 data-start=\"1806\" data-end=\"1830\">\ud83d\udd37 Carater\u00edsticas principais<\/h2>\n<p data-start=\"1832\" data-end=\"2055\">\u2714 Modern Cube \/ Square Structure<br data-start=\"1864\" data-end=\"1867\" \/>\u2714 Rigid &amp; Durable Paperboard<br data-start=\"1895\" data-end=\"1898\" \/>\u2714 High-End Visual Presentation<br data-start=\"1928\" data-end=\"1931\" \/>\u2714 Custom Printing &amp; Branding<br data-start=\"1959\" data-end=\"1962\" \/>\u2714 Food-Grade Safe Materials<br data-start=\"1989\" data-end=\"1992\" \/>\u2714 Stackable &amp; Display-Friendly<br data-start=\"2022\" data-end=\"2025\" \/>\u2714 Luxury Unboxing Experience<\/p>\n<hr data-start=\"2057\" data-end=\"2060\" \/>\n<h2 data-start=\"2062\" data-end=\"2086\">\ud83d\udd37 Aplica\u00e7\u00f5es<\/h2>\n<p data-start=\"2088\" data-end=\"2101\">Adequado para:<\/p>\n<ul data-start=\"2103\" data-end=\"2261\">\n<li data-start=\"2103\" data-end=\"2133\">\n<p data-start=\"2105\" data-end=\"2133\">Dessert &amp; Pastry Packaging<\/p>\n<\/li>\n<li data-start=\"2134\" data-end=\"2161\">\n<p data-start=\"2136\" data-end=\"2161\">Chocolate &amp; Candy Boxes<\/p>\n<\/li>\n<li data-start=\"2162\" data-end=\"2182\">\n<p data-start=\"2164\" data-end=\"2182\">Bakery Gift Sets<\/p>\n<\/li>\n<li data-start=\"2183\" data-end=\"2209\">\n<p data-start=\"2185\" data-end=\"2209\">Gourmet Food Packaging<\/p>\n<\/li>\n<li data-start=\"2210\" data-end=\"2233\">\n<p data-start=\"2212\" data-end=\"2233\">Seasonal Gift Boxes<\/p>\n<\/li>\n<li data-start=\"2234\" data-end=\"2261\">\n<p data-start=\"2236\" data-end=\"2261\">Premium Retail Products<\/p>\n<\/li>\n<\/ul>\n<hr data-start=\"2263\" data-end=\"2266\" \/>\n<h2 data-start=\"2268\" data-end=\"2301\">\ud83d\udd37 Op\u00e7\u00f5es de personaliza\u00e7\u00e3o<\/h2>\n<h3 data-start=\"2343\" data-end=\"2354\">\ud83d\udcd0 Tamanho<\/h3>\n<ul data-start=\"2355\" data-end=\"2384\">\n<li data-start=\"2355\" data-end=\"2384\">\n<p data-start=\"2357\" data-end=\"2384\">Dimens\u00f5es totalmente personalizadas<\/p>\n<\/li>\n<\/ul>\n<h3 data-start=\"2386\" data-end=\"2402\">\ud83d\udcc4 Materiais<\/h3>\n<ul data-start=\"2403\" data-end=\"2491\">\n<li data-start=\"2403\" data-end=\"2428\">\n<p data-start=\"2405\" data-end=\"2428\">Cart\u00e3o cinzento + papel de arte<\/p>\n<\/li>\n<li data-start=\"2429\" data-end=\"2444\">\n<p data-start=\"2431\" data-end=\"2444\">Kraft Paper<\/p>\n<\/li>\n<li data-start=\"2445\" data-end=\"2464\">\n<p data-start=\"2447\" data-end=\"2464\">Papel especial<\/p>\n<\/li>\n<li data-start=\"2465\" data-end=\"2491\">\n<p data-start=\"2467\" data-end=\"2491\">Eco-Friendly Materials<\/p>\n<\/li>\n<\/ul>\n<h3 data-start=\"2493\" data-end=\"2508\">\ud83c\udfa8 Impress\u00e3o<\/h3>\n<ul data-start=\"2509\" data-end=\"2568\">\n<li data-start=\"2509\" data-end=\"2527\">\n<p data-start=\"2511\" data-end=\"2527\">CMYK \/ Pantone<\/p>\n<\/li>\n<li data-start=\"2528\" data-end=\"2547\">\n<p data-start=\"2530\" data-end=\"2547\">Impress\u00e3o em offset<\/p>\n<\/li>\n<li data-start=\"2548\" data-end=\"2568\">\n<p data-start=\"2550\" data-end=\"2568\">Impress\u00e3o digital<\/p>\n<\/li>\n<\/ul>\n<h3 data-start=\"2570\" data-end=\"2585\">\u2728 Acabamento<\/h3>\n<ul data-start=\"2586\" data-end=\"2666\">\n<li data-start=\"2586\" data-end=\"2608\">\n<p data-start=\"2588\" data-end=\"2608\">Folha de ouro \/ prata<\/p>\n<\/li>\n<li data-start=\"2609\" data-end=\"2620\">\n<p data-start=\"2611\" data-end=\"2620\">UV pontual<\/p>\n<\/li>\n<li data-start=\"2621\" data-end=\"2640\">\n<p data-start=\"2623\" data-end=\"2640\">Estampagem \/ Estampagem<\/p>\n<\/li>\n<li data-start=\"2641\" data-end=\"2666\">\n<p data-start=\"2643\" data-end=\"2666\">Lamina\u00e7\u00e3o de toque suave<\/p>\n<\/li>\n<\/ul>\n<h3 data-start=\"2668\" data-end=\"2684\">\ud83d\udce6 Structure<\/h3>\n<ul data-start=\"2685\" data-end=\"2770\">\n<li data-start=\"2685\" data-end=\"2699\">\n<p data-start=\"2687\" data-end=\"2699\">Lid &amp; Base<\/p>\n<\/li>\n<li data-start=\"2700\" data-end=\"2720\">\n<p data-start=\"2702\" data-end=\"2720\">Magnetic Closure<\/p>\n<\/li>\n<li data-start=\"2721\" data-end=\"2735\">\n<p data-start=\"2723\" data-end=\"2735\">Drawer Box<\/p>\n<\/li>\n<li data-start=\"2736\" data-end=\"2770\">\n<p data-start=\"2738\" data-end=\"2770\">Insert Tray (Paper \/ EVA \/ Foam)<\/p>\n<\/li>\n<\/ul>\n<hr data-start=\"2772\" data-end=\"2775\" \/>\n<h2 data-start=\"2777\" data-end=\"2815\">\ud83d\udd37 Why Choose Our Packaging<\/h2>\n<p data-start=\"2817\" data-end=\"3013\">\u2714 Fabricante direto da f\u00e1brica<br data-start=\"2846\" data-end=\"2849\" \/>Pre\u00e7o competitivo por atacado<br data-start=\"2878\" data-end=\"2881\" \/>Baixo MOQ dispon\u00edvel<br data-start=\"2900\" data-end=\"2903\" \/>\u2714 Free Dieline &amp; 3D Mockup<br data-start=\"2929\" data-end=\"2932\" \/>Servi\u00e7o de amostragem r\u00e1pida<br data-start=\"2955\" data-end=\"2958\" \/>\u2714 Stable Quality Control<br data-start=\"2982\" data-end=\"2985\" \/>\u2714 Global Export Experience<\/p>\n<p data-start=\"3015\" data-end=\"3079\">We help dessert and food brands build strong packaging identity.<\/p>","protected":false},"excerpt":{"rendered":"<p data-start=\"1041\" data-end=\"1231\">Pr\u00e9mio <strong data-start=\"1049\" data-end=\"1086\">custom cube dessert packaging box<\/strong> designed for sweets, bakery, and gourmet gift brands. Featuring rigid structure, elegant design, and full customization for luxury presentation.<\/p>","protected":false},"featured_media":0,"template":"","meta":{"_joinchat":[]},"product_brand":[],"product_cat":[15,283,294,335],"product_tag":[241],"class_list":{"0":"post-9100","1":"product","2":"type-product","3":"status-publish","5":"product_cat-uncategorized","6":"product_cat-bakery-amp-cake-packaging","7":"product_cat-food-packaging","8":"product_cat-cardboard-food-packaging","9":"product_tag-electronics-package","11":"first","12":"instock","13":"product-type-simple"},"acf":[],"_links":{"self":[{"href":"https:\/\/h2packaging.com\/pt\/wp-json\/wp\/v2\/product\/9100","targetHints":{"allow":["GET"]}}],"collection":[{"href":"https:\/\/h2packaging.com\/pt\/wp-json\/wp\/v2\/product"}],"about":[{"href":"https:\/\/h2packaging.com\/pt\/wp-json\/wp\/v2\/types\/product"}],"wp:attachment":[{"href":"https:\/\/h2packaging.com\/pt\/wp-json\/wp\/v2\/media?parent=9100"}],"wp:term":[{"taxonomy":"product_brand","embeddable":true,"href":"https:\/\/h2packaging.com\/pt\/wp-json\/wp\/v2\/product_brand?post=9100"},{"taxonomy":"product_cat","embeddable":true,"href":"https:\/\/h2packaging.com\/pt\/wp-json\/wp\/v2\/product_cat?post=9100"},{"taxonomy":"product_tag","embeddable":true,"href":"https:\/\/h2packaging.com\/pt\/wp-json\/wp\/v2\/product_tag?post=9100"}],"curies":[{"name":"wp","href":"https:\/\/api.w.org\/{rel}","templated":true}]}}