{"id":9154,"date":"2025-12-22T20:55:23","date_gmt":"2025-12-22T12:55:23","guid":{"rendered":"https:\/\/tbc72w920v.onrocket.site\/product\/red-bow-cake-stickers-for-bakery-gift-boxes-and-packaging\/"},"modified":"2026-01-29T17:27:03","modified_gmt":"2026-01-29T09:27:03","slug":"red-bow-cake-stickers-for-bakery-gift-boxes-and-packaging","status":"publish","type":"product","link":"https:\/\/h2packaging.com\/pt\/produto\/red-bow-cake-stickers-for-bakery-gift-boxes-and-packaging\/","title":{"rendered":"Saco de lona personalizado para uma embalagem ecol\u00f3gica"},"content":{"rendered":"<h3 data-start=\"1326\" data-end=\"1349\">Descri\u00e7\u00e3o do produto<\/h3>\n<p data-start=\"1351\" data-end=\"1592\">Este <strong data-start=\"1356\" data-end=\"1382\">saco de lona personalizado<\/strong> foi concebido para marcas que procuram uma solu\u00e7\u00e3o de embalagem sustent\u00e1vel, elegante e reutiliz\u00e1vel.<br data-start=\"1470\" data-end=\"1473\" \/>Fabricada em lona de algod\u00e3o dur\u00e1vel, oferece um aspeto minimalista e limpo, ao mesmo tempo que proporciona uma excelente resist\u00eancia para a utiliza\u00e7\u00e3o di\u00e1ria.<\/p>\n<p data-start=\"1594\" data-end=\"1679\">Perfeito para lojas de retalho, eventos, exposi\u00e7\u00f5es, promo\u00e7\u00f5es e marcas ecol\u00f3gicas.<\/p>\n<hr data-start=\"1681\" data-end=\"1684\" \/>\n<h3 data-start=\"1686\" data-end=\"1702\">Carater\u00edsticas principais<\/h3>\n<ul data-start=\"1704\" data-end=\"2125\">\n<li data-start=\"1704\" data-end=\"1789\">\n<p data-start=\"1706\" data-end=\"1789\"><strong data-start=\"1706\" data-end=\"1736\">Lona de algod\u00e3o de alta qualidade<\/strong><br data-start=\"1736\" data-end=\"1739\" \/>Tecido espesso e duradouro, adequado para uma utiliza\u00e7\u00e3o repetida.<\/p>\n<\/li>\n<li data-start=\"1791\" data-end=\"1876\">\n<p data-start=\"1793\" data-end=\"1876\"><strong data-start=\"1793\" data-end=\"1820\">Reutiliz\u00e1vel e amigo do ambiente<\/strong><br data-start=\"1820\" data-end=\"1823\" \/>Uma alternativa sustent\u00e1vel aos sacos de pl\u00e1stico.<\/p>\n<\/li>\n<li data-start=\"1878\" data-end=\"1956\">\n<p data-start=\"1880\" data-end=\"1956\"><strong data-start=\"1880\" data-end=\"1908\">Pegas longas e confort\u00e1veis<\/strong><br data-start=\"1908\" data-end=\"1911\" \/>F\u00e1cil de transportar \u00e0 m\u00e3o ou ao ombro.<\/p>\n<\/li>\n<li data-start=\"1958\" data-end=\"2033\">\n<p data-start=\"1960\" data-end=\"2033\"><strong data-start=\"1960\" data-end=\"1984\">Grande \u00e1rea de impress\u00e3o<\/strong><br data-start=\"1984\" data-end=\"1987\" \/>Ideal para impress\u00e3o de log\u00f3tipos e mensagens de marca.<\/p>\n<\/li>\n<li data-start=\"2035\" data-end=\"2125\">\n<p data-start=\"2037\" data-end=\"2125\"><strong data-start=\"2037\" data-end=\"2064\">Design minimalista e moderno<\/strong><br data-start=\"2064\" data-end=\"2067\" \/>Adequado para moda, estilo de vida e marcas empresariais.<\/p>\n<\/li>\n<\/ul>\n<hr data-start=\"2127\" data-end=\"2130\" \/>\n<h3 data-start=\"2132\" data-end=\"2154\">Aplica\u00e7\u00f5es ideais<\/h3>\n<ul data-start=\"2156\" data-end=\"2322\">\n<li data-start=\"2156\" data-end=\"2187\">\n<p data-start=\"2158\" data-end=\"2187\">Embalagens para retalho e compras<\/p>\n<\/li>\n<li data-start=\"2188\" data-end=\"2217\">\n<p data-start=\"2190\" data-end=\"2217\">Sacos promocionais para brindes<\/p>\n<\/li>\n<li data-start=\"2218\" data-end=\"2249\">\n<p data-start=\"2220\" data-end=\"2249\">Marca e eventos empresariais<\/p>\n<\/li>\n<li data-start=\"2250\" data-end=\"2286\">\n<p data-start=\"2252\" data-end=\"2286\">Solu\u00e7\u00f5es de embalagem ecol\u00f3gicas<\/p>\n<\/li>\n<li data-start=\"2287\" data-end=\"2322\">\n<p data-start=\"2289\" data-end=\"2322\">Sacos de compras para exposi\u00e7\u00f5es e feiras<\/p>\n<\/li>\n<\/ul>\n<hr data-start=\"2324\" data-end=\"2327\" \/>\n<h3 data-start=\"2329\" data-end=\"2354\">Op\u00e7\u00f5es de personaliza\u00e7\u00e3o<\/h3>\n<ul data-start=\"2356\" data-end=\"2589\">\n<li data-start=\"2356\" data-end=\"2389\">\n<p data-start=\"2358\" data-end=\"2389\">Tamanhos e dimens\u00f5es de sacos personalizados<\/p>\n<\/li>\n<li data-start=\"2390\" data-end=\"2418\">\n<p data-start=\"2392\" data-end=\"2418\">Op\u00e7\u00f5es de espessura da tela<\/p>\n<\/li>\n<li data-start=\"2419\" data-end=\"2480\">\n<p data-start=\"2421\" data-end=\"2480\">Impress\u00e3o do log\u00f3tipo: serigrafia, transfer\u00eancia t\u00e9rmica, bordados<\/p>\n<\/li>\n<li data-start=\"2481\" data-end=\"2516\">\n<p data-start=\"2483\" data-end=\"2516\">Impress\u00e3o de uma ou duas faces<\/p>\n<\/li>\n<li data-start=\"2517\" data-end=\"2558\">\n<p data-start=\"2519\" data-end=\"2558\">Cores de tela naturais, brancas ou tingidas<\/p>\n<\/li>\n<li data-start=\"2559\" data-end=\"2589\">\n<p data-start=\"2561\" data-end=\"2589\">Servi\u00e7os OEM e ODM dispon\u00edveis<\/p>\n<\/li>\n<\/ul>\n<hr data-start=\"2591\" data-end=\"2594\" \/>\n<h3 data-start=\"2596\" data-end=\"2632\">Porqu\u00ea escolher os nossos sacos de lona?<\/h3>\n<p data-start=\"2634\" data-end=\"2817\">O nosso <strong data-start=\"2638\" data-end=\"2671\">sacos de lona ecol\u00f3gicos<\/strong> combinam praticidade, sustentabilidade e valor de marca.<br data-start=\"2729\" data-end=\"2732\" \/>Ajudam a reduzir os res\u00edduos de pl\u00e1stico, ao mesmo tempo que aumentam a visibilidade da marca atrav\u00e9s da sua utiliza\u00e7\u00e3o quotidiana.<\/p>","protected":false},"excerpt":{"rendered":"<p>Sacos de lona reutiliz\u00e1veis com impress\u00e3o de log\u00f3tipo personalizado. Ideal para retalho, promo\u00e7\u00f5es, eventos e solu\u00e7\u00f5es de embalagem sustent\u00e1veis.<\/p>","protected":false},"featured_media":0,"template":"","meta":{"_joinchat":[]},"product_brand":[],"product_cat":[15,69,101],"product_tag":[277,131],"class_list":{"0":"post-9154","1":"product","2":"type-product","3":"status-publish","5":"product_cat-uncategorized","6":"product_cat-bags","7":"product_cat-canvas-bag","8":"product_tag-stickers-amp-tape","9":"product_tag-food-package","11":"first","12":"instock","13":"product-type-simple"},"acf":[],"_links":{"self":[{"href":"https:\/\/h2packaging.com\/pt\/wp-json\/wp\/v2\/product\/9154","targetHints":{"allow":["GET"]}}],"collection":[{"href":"https:\/\/h2packaging.com\/pt\/wp-json\/wp\/v2\/product"}],"about":[{"href":"https:\/\/h2packaging.com\/pt\/wp-json\/wp\/v2\/types\/product"}],"wp:attachment":[{"href":"https:\/\/h2packaging.com\/pt\/wp-json\/wp\/v2\/media?parent=9154"}],"wp:term":[{"taxonomy":"product_brand","embeddable":true,"href":"https:\/\/h2packaging.com\/pt\/wp-json\/wp\/v2\/product_brand?post=9154"},{"taxonomy":"product_cat","embeddable":true,"href":"https:\/\/h2packaging.com\/pt\/wp-json\/wp\/v2\/product_cat?post=9154"},{"taxonomy":"product_tag","embeddable":true,"href":"https:\/\/h2packaging.com\/pt\/wp-json\/wp\/v2\/product_tag?post=9154"}],"curies":[{"name":"wp","href":"https:\/\/api.w.org\/{rel}","templated":true}]}}