{"id":9159,"date":"2025-12-22T20:55:32","date_gmt":"2025-12-22T12:55:32","guid":{"rendered":"https:\/\/tbc72w920v.onrocket.site\/product\/matte-printed-stand-up-zipper-pouch-for-dried-fruit-packaging\/"},"modified":"2026-01-29T17:19:55","modified_gmt":"2026-01-29T09:19:55","slug":"matte-printed-stand-up-zipper-pouch-for-dried-fruit-packaging","status":"publish","type":"product","link":"https:\/\/h2packaging.com\/pt\/produto\/matte-printed-stand-up-zipper-pouch-for-dried-fruit-packaging\/","title":{"rendered":"Saco de papel cor-de-rosa de luxo com al\u00e7as de fita"},"content":{"rendered":"<h3 data-start=\"1313\" data-end=\"1336\">Descri\u00e7\u00e3o do produto<\/h3>\n<p data-start=\"1338\" data-end=\"1581\">Este <strong data-start=\"1343\" data-end=\"1377\">saco de compras de luxo em papel cor-de-rosa<\/strong> foi concebido para melhorar a apresenta\u00e7\u00e3o da marca com uma est\u00e9tica suave, elegante e feminina.<br data-start=\"1465\" data-end=\"1468\" \/>Com um papel premium suave e delicadas al\u00e7as de fita, cria uma experi\u00eancia requintada de desembalagem e oferta.<\/p>\n<p data-start=\"1583\" data-end=\"1670\">Perfeito para boutiques de moda, marcas de beleza, lojas de presentes e embalagens de retalho premium.<\/p>\n<hr data-start=\"1672\" data-end=\"1675\" \/>\n<h3 data-start=\"1677\" data-end=\"1693\">Carater\u00edsticas principais<\/h3>\n<ul data-start=\"1695\" data-end=\"2114\">\n<li data-start=\"1695\" data-end=\"1770\">\n<p data-start=\"1697\" data-end=\"1770\"><strong data-start=\"1697\" data-end=\"1724\">Acabamento em rosa pastel suave<\/strong><br data-start=\"1724\" data-end=\"1727\" \/>Cria um aspeto de luxo elegante e moderno.<\/p>\n<\/li>\n<li data-start=\"1772\" data-end=\"1864\">\n<p data-start=\"1774\" data-end=\"1864\"><strong data-start=\"1774\" data-end=\"1805\">Material de papel de alta qualidade<\/strong><br data-start=\"1805\" data-end=\"1808\" \/>Estrutura robusta com excelente capacidade de carga.<\/p>\n<\/li>\n<li data-start=\"1866\" data-end=\"1941\">\n<p data-start=\"1868\" data-end=\"1941\"><strong data-start=\"1868\" data-end=\"1894\">Pegas com fitas elegantes<\/strong><br data-start=\"1894\" data-end=\"1897\" \/>Confort\u00e1vel de transportar e visualmente requintado.<\/p>\n<\/li>\n<li data-start=\"1943\" data-end=\"2026\">\n<p data-start=\"1945\" data-end=\"2026\"><strong data-start=\"1945\" data-end=\"1971\">Design limpo e minimalista<\/strong><br data-start=\"1971\" data-end=\"1974\" \/>Ideal para personaliza\u00e7\u00e3o de marcas e log\u00f3tipos de alta qualidade.<\/p>\n<\/li>\n<li data-start=\"2028\" data-end=\"2114\">\n<p data-start=\"2030\" data-end=\"2114\"><strong data-start=\"2030\" data-end=\"2059\">Suporte a marcas personalizadas<\/strong><br data-start=\"2059\" data-end=\"2062\" \/>Impress\u00e3o do log\u00f3tipo, estampagem em folha e grava\u00e7\u00e3o em relevo dispon\u00edveis.<\/p>\n<\/li>\n<\/ul>\n<hr data-start=\"2116\" data-end=\"2119\" \/>\n<h3 data-start=\"2121\" data-end=\"2143\">Aplica\u00e7\u00f5es ideais<\/h3>\n<ul data-start=\"2145\" data-end=\"2299\">\n<li data-start=\"2145\" data-end=\"2176\">\n<p data-start=\"2147\" data-end=\"2176\">Sacos de compras de retalho de luxo<\/p>\n<\/li>\n<li data-start=\"2177\" data-end=\"2209\">\n<p data-start=\"2179\" data-end=\"2209\">Embalagens para produtos de beleza e cosm\u00e9ticos<\/p>\n<\/li>\n<li data-start=\"2210\" data-end=\"2239\">\n<p data-start=\"2212\" data-end=\"2239\">Embalagens para prendas e anivers\u00e1rios<\/p>\n<\/li>\n<li data-start=\"2240\" data-end=\"2269\">\n<p data-start=\"2242\" data-end=\"2269\">Boutique e lojas de moda<\/p>\n<\/li>\n<li data-start=\"2270\" data-end=\"2299\">\n<p data-start=\"2272\" data-end=\"2299\">Sacos de papel para brindes promocionais<\/p>\n<\/li>\n<\/ul>\n<hr data-start=\"2301\" data-end=\"2304\" \/>\n<h3 data-start=\"2306\" data-end=\"2331\">Op\u00e7\u00f5es de personaliza\u00e7\u00e3o<\/h3>\n<ul data-start=\"2333\" data-end=\"2632\">\n<li data-start=\"2333\" data-end=\"2367\">\n<p data-start=\"2335\" data-end=\"2367\">Tamanhos e espessuras de papel personalizados<\/p>\n<\/li>\n<li data-start=\"2368\" data-end=\"2430\">\n<p data-start=\"2370\" data-end=\"2430\">Op\u00e7\u00f5es de papel: papel art\u00edstico, papel revestido, papel ecol\u00f3gico<\/p>\n<\/li>\n<li data-start=\"2431\" data-end=\"2478\">\n<p data-start=\"2433\" data-end=\"2478\">Tipos de cabos: fita, corda, cabos de algod\u00e3o<\/p>\n<\/li>\n<li data-start=\"2479\" data-end=\"2542\">\n<p data-start=\"2481\" data-end=\"2542\">Acabamento do log\u00f3tipo: folha quente, estampagem, debossing, impress\u00e3o UV<\/p>\n<\/li>\n<li data-start=\"2543\" data-end=\"2585\">\n<p data-start=\"2545\" data-end=\"2585\">Personaliza\u00e7\u00e3o de cores e correspond\u00eancia Pantone<\/p>\n<\/li>\n<li data-start=\"2586\" data-end=\"2632\">\n<p data-start=\"2588\" data-end=\"2632\">Materiais recicl\u00e1veis e sustent\u00e1veis dispon\u00edveis<\/p>\n<\/li>\n<\/ul>\n<hr data-start=\"2634\" data-end=\"2637\" \/>\n<h3 data-start=\"2639\" data-end=\"2669\">Porqu\u00ea escolher este saco de papel?<\/h3>\n<p data-start=\"2671\" data-end=\"2856\">Este <strong data-start=\"2676\" data-end=\"2706\">saco de oferta de papel cor-de-rosa personalizado<\/strong> \u00e9 mais do que uma embalagem - \u00e9 uma declara\u00e7\u00e3o de marca.<br data-start=\"2755\" data-end=\"2758\" \/>Concebida para atrair a aten\u00e7\u00e3o, elevar o valor percebido e criar experi\u00eancias memor\u00e1veis para o cliente.<\/p>","protected":false},"excerpt":{"rendered":"<p>Saco de papel cor-de-rosa de luxo | Sacos de compras de papel personalizados Sacos de papel cor-de-rosa elegantes com al\u00e7as de fita. Ideal para retalho de luxo, embalagens para presentes e sacos de compras personalizados com marca.<\/p>","protected":false},"featured_media":0,"template":"","meta":{"_joinchat":[]},"product_brand":[],"product_cat":[15,69,102],"product_tag":[131,399],"class_list":{"0":"post-9159","1":"product","2":"type-product","3":"status-publish","5":"product_cat-uncategorized","6":"product_cat-bags","7":"product_cat-paper-bag","8":"product_tag-food-package","9":"product_tag-food-packaging-bags","11":"first","12":"instock","13":"product-type-simple"},"acf":[],"_links":{"self":[{"href":"https:\/\/h2packaging.com\/pt\/wp-json\/wp\/v2\/product\/9159","targetHints":{"allow":["GET"]}}],"collection":[{"href":"https:\/\/h2packaging.com\/pt\/wp-json\/wp\/v2\/product"}],"about":[{"href":"https:\/\/h2packaging.com\/pt\/wp-json\/wp\/v2\/types\/product"}],"wp:attachment":[{"href":"https:\/\/h2packaging.com\/pt\/wp-json\/wp\/v2\/media?parent=9159"}],"wp:term":[{"taxonomy":"product_brand","embeddable":true,"href":"https:\/\/h2packaging.com\/pt\/wp-json\/wp\/v2\/product_brand?post=9159"},{"taxonomy":"product_cat","embeddable":true,"href":"https:\/\/h2packaging.com\/pt\/wp-json\/wp\/v2\/product_cat?post=9159"},{"taxonomy":"product_tag","embeddable":true,"href":"https:\/\/h2packaging.com\/pt\/wp-json\/wp\/v2\/product_tag?post=9159"}],"curies":[{"name":"wp","href":"https:\/\/api.w.org\/{rel}","templated":true}]}}