{"id":9186,"date":"2025-12-22T20:56:42","date_gmt":"2025-12-22T12:56:42","guid":{"rendered":"https:\/\/tbc72w920v.onrocket.site\/product\/strategic-war-game-packaging-box-with-cooperative-play-design\/"},"modified":"2026-01-28T17:33:06","modified_gmt":"2026-01-28T09:33:06","slug":"strategic-war-game-packaging-box-with-cooperative-play-design","status":"publish","type":"product","link":"https:\/\/h2packaging.com\/pt\/produto\/strategic-war-game-packaging-box-with-cooperative-play-design\/","title":{"rendered":"Caixa de embalagem de perfumes de papel especial de luxo"},"content":{"rendered":"<h3 data-start=\"1526\" data-end=\"1549\">Descri\u00e7\u00e3o do produto<\/h3>\n<p data-start=\"1551\" data-end=\"1878\">Este <strong data-start=\"1556\" data-end=\"1604\">caixa de embalagem de perfume em papel especial de luxo<\/strong> foi concebido para marcas de fragr\u00e2ncias premium que valorizam uma est\u00e9tica refinada e uma apresenta\u00e7\u00e3o superior.<br data-start=\"1702\" data-end=\"1705\" \/>Fabricada com papel especial texturado e uma estrutura de caixa r\u00edgida, proporciona uma experi\u00eancia de desembalagem elegante, garantindo simultaneamente uma excelente prote\u00e7\u00e3o para frascos de perfume topo de gama.<\/p>\n<p data-start=\"1880\" data-end=\"2037\">Com o seu design minimalista, tom de cor profundo e inser\u00e7\u00e3o interior precisa, esta caixa aumenta o valor da marca e eleva a qualidade percebida das fragr\u00e2ncias de luxo.<\/p>\n<hr data-start=\"2039\" data-end=\"2042\" \/>\n<h3 data-start=\"2044\" data-end=\"2060\">Carater\u00edsticas principais<\/h3>\n<ul data-start=\"2062\" data-end=\"2637\">\n<li data-start=\"2062\" data-end=\"2185\">\n<p data-start=\"2064\" data-end=\"2185\"><strong data-start=\"2064\" data-end=\"2091\">Superf\u00edcie de papel especial<\/strong><br data-start=\"2091\" data-end=\"2094\" \/>O papel com textura de alta qualidade acrescenta profundidade, riqueza t\u00e1til e uma identidade visual sofisticada.<\/p>\n<\/li>\n<li data-start=\"2187\" data-end=\"2303\">\n<p data-start=\"2189\" data-end=\"2303\"><strong data-start=\"2189\" data-end=\"2215\">Constru\u00e7\u00e3o em caixa r\u00edgida<\/strong><br data-start=\"2215\" data-end=\"2218\" \/>A estrutura r\u00edgida e duradoura do cart\u00e3o proporciona uma forte prote\u00e7\u00e3o para os frascos de perfume de vidro.<\/p>\n<\/li>\n<li data-start=\"2305\" data-end=\"2404\">\n<p data-start=\"2307\" data-end=\"2404\"><strong data-start=\"2307\" data-end=\"2330\">Inser\u00e7\u00e3o interior personalizada<\/strong><br data-start=\"2330\" data-end=\"2333\" \/>O encaixe exato mant\u00e9m o frasco de perfume est\u00e1vel e seguro.<\/p>\n<\/li>\n<li data-start=\"2406\" data-end=\"2518\">\n<p data-start=\"2408\" data-end=\"2518\"><strong data-start=\"2408\" data-end=\"2436\">Apresenta\u00e7\u00e3o de prendas de luxo<\/strong><br data-start=\"2436\" data-end=\"2439\" \/>Ideal para retalho premium, edi\u00e7\u00f5es limitadas e colec\u00e7\u00f5es de fragr\u00e2ncias de luxo.<\/p>\n<\/li>\n<li data-start=\"2520\" data-end=\"2637\">\n<p data-start=\"2522\" data-end=\"2637\"><strong data-start=\"2522\" data-end=\"2551\">Design totalmente personaliz\u00e1vel<\/strong><br data-start=\"2551\" data-end=\"2554\" \/>Adaptado para corresponder \u00e0 est\u00e9tica da marca, desde a sele\u00e7\u00e3o de materiais at\u00e9 aos detalhes de acabamento.<\/p>\n<\/li>\n<\/ul>\n<hr data-start=\"2639\" data-end=\"2642\" \/>\n<h3 data-start=\"2644\" data-end=\"2657\">Ideal para<\/h3>\n<ul data-start=\"2659\" data-end=\"2839\">\n<li data-start=\"2659\" data-end=\"2696\">\n<p data-start=\"2661\" data-end=\"2696\">Marcas de perfumes e fragr\u00e2ncias de luxo<\/p>\n<\/li>\n<li data-start=\"2697\" data-end=\"2733\">\n<p data-start=\"2699\" data-end=\"2733\">Marcas de perfumes de nicho e artesanais<\/p>\n<\/li>\n<li data-start=\"2734\" data-end=\"2765\">\n<p data-start=\"2736\" data-end=\"2765\">Conjuntos de oferta de cosm\u00e9ticos topo de gama<\/p>\n<\/li>\n<li data-start=\"2766\" data-end=\"2805\">\n<p data-start=\"2768\" data-end=\"2805\">Embalagem da fragr\u00e2ncia de edi\u00e7\u00e3o limitada<\/p>\n<\/li>\n<li data-start=\"2806\" data-end=\"2839\">\n<p data-start=\"2808\" data-end=\"2839\">Mercados de retalho e de exporta\u00e7\u00e3o de qualidade superior<\/p>\n<\/li>\n<\/ul>\n<hr data-start=\"2841\" data-end=\"2844\" \/>\n<h3 data-start=\"2846\" data-end=\"2871\">Op\u00e7\u00f5es de personaliza\u00e7\u00e3o<\/h3>\n<ul data-start=\"2873\" data-end=\"3137\">\n<li data-start=\"2873\" data-end=\"2908\">\n<p data-start=\"2875\" data-end=\"2908\">Tamanho da caixa e compatibilidade da garrafa<\/p>\n<\/li>\n<li data-start=\"2909\" data-end=\"2946\">\n<p data-start=\"2911\" data-end=\"2946\">Texturas e cores de papel especiais<\/p>\n<\/li>\n<li data-start=\"2947\" data-end=\"2975\">\n<p data-start=\"2949\" data-end=\"2975\">Impress\u00e3o: CMYK \/ Pantone<\/p>\n<\/li>\n<li data-start=\"2976\" data-end=\"3042\">\n<p data-start=\"2978\" data-end=\"3042\">Acabamento: estampagem a quente, estampagem em relevo, debossing, revestimento UV<\/p>\n<\/li>\n<li data-start=\"3043\" data-end=\"3092\">\n<p data-start=\"3045\" data-end=\"3092\">Materiais da inser\u00e7\u00e3o interior: cart\u00e3o, EVA, espuma<\/p>\n<\/li>\n<li data-start=\"3093\" data-end=\"3137\">\n<p data-start=\"3095\" data-end=\"3137\">Coloca\u00e7\u00e3o do log\u00f3tipo e conce\u00e7\u00e3o da narrativa da marca<\/p>\n<\/li>\n<\/ul>\n<hr data-start=\"3139\" data-end=\"3142\" \/>\n<h3 data-start=\"3144\" data-end=\"3186\">Porqu\u00ea escolher esta caixa de embalagem de perfume?<\/h3>\n<p data-start=\"3188\" data-end=\"3452\">Este <strong data-start=\"3193\" data-end=\"3226\">caixa de embalagem de perfume premium<\/strong> \u00e9 mais do que prote\u00e7\u00e3o - \u00e9 uma declara\u00e7\u00e3o de marca.<br data-start=\"3275\" data-end=\"3278\" \/>A combina\u00e7\u00e3o de papel especial, estrutura r\u00edgida e artesanato refinado faz com que seja a solu\u00e7\u00e3o ideal para marcas de fragr\u00e2ncias que procuram uma apresenta\u00e7\u00e3o luxuosa e memor\u00e1vel.<\/p>","protected":false},"excerpt":{"rendered":"<p>Caixa de embalagem de perfume de luxo | Caixa de presente r\u00edgida de papel especial<\/p>","protected":false},"featured_media":0,"template":"","meta":{"_joinchat":[]},"product_brand":[],"product_cat":[15,291,314,324,325],"product_tag":[403],"class_list":{"0":"post-9186","1":"product","2":"type-product","3":"status-publish","5":"product_cat-uncategorized","6":"product_cat-cosmetic-packaging","7":"product_cat-gift-amp-premium-packaging","8":"product_cat-perfume-packaging-boxes","9":"product_cat-skin-care-packaging","10":"product_tag-game-package","12":"first","13":"instock","14":"product-type-simple"},"acf":[],"_links":{"self":[{"href":"https:\/\/h2packaging.com\/pt\/wp-json\/wp\/v2\/product\/9186","targetHints":{"allow":["GET"]}}],"collection":[{"href":"https:\/\/h2packaging.com\/pt\/wp-json\/wp\/v2\/product"}],"about":[{"href":"https:\/\/h2packaging.com\/pt\/wp-json\/wp\/v2\/types\/product"}],"wp:attachment":[{"href":"https:\/\/h2packaging.com\/pt\/wp-json\/wp\/v2\/media?parent=9186"}],"wp:term":[{"taxonomy":"product_brand","embeddable":true,"href":"https:\/\/h2packaging.com\/pt\/wp-json\/wp\/v2\/product_brand?post=9186"},{"taxonomy":"product_cat","embeddable":true,"href":"https:\/\/h2packaging.com\/pt\/wp-json\/wp\/v2\/product_cat?post=9186"},{"taxonomy":"product_tag","embeddable":true,"href":"https:\/\/h2packaging.com\/pt\/wp-json\/wp\/v2\/product_tag?post=9186"}],"curies":[{"name":"wp","href":"https:\/\/api.w.org\/{rel}","templated":true}]}}