{"id":9206,"date":"2025-12-22T20:57:23","date_gmt":"2025-12-22T12:57:23","guid":{"rendered":"https:\/\/tbc72w920v.onrocket.site\/product\/colorful-game-packaging-tin-box-for-family-card-games\/"},"modified":"2026-01-28T16:59:43","modified_gmt":"2026-01-28T08:59:43","slug":"colorful-game-packaging-tin-box-for-family-card-games","status":"publish","type":"product","link":"https:\/\/h2packaging.com\/pt\/produto\/colorful-game-packaging-tin-box-for-family-card-games\/","title":{"rendered":"Embalagem de caixa de oferta personalizada em forma de cora\u00e7\u00e3o"},"content":{"rendered":"<p data-start=\"786\" data-end=\"1062\">Este <strong data-start=\"791\" data-end=\"833\">embalagem de caixa de presente personalizada em forma de cora\u00e7\u00e3o<\/strong> foi concebido para criar uma experi\u00eancia de unboxing emotiva e memor\u00e1vel.<br data-start=\"903\" data-end=\"906\" \/>Com uma caixa interior \u00fanica em forma de cora\u00e7\u00e3o combinada com uma estrutura exterior dobr\u00e1vel, \u00e9 ideal para embalagens de presentes de qualidade superior onde a apresenta\u00e7\u00e3o \u00e9 verdadeiramente importante.<\/p>\n<p data-start=\"1064\" data-end=\"1186\">O elegante fecho com fita e a constru\u00e7\u00e3o em cart\u00e3o r\u00edgido tornam esta caixa perfeita para presentes de luxo e ocasi\u00f5es especiais.<\/p>\n<ul data-start=\"1213\" data-end=\"1461\">\n<li data-start=\"1213\" data-end=\"1254\">\n<p data-start=\"1215\" data-end=\"1254\">Caixa de presente com design criativo em forma de cora\u00e7\u00e3o<\/p>\n<\/li>\n<li data-start=\"1255\" data-end=\"1293\">\n<p data-start=\"1257\" data-end=\"1293\">Estrutura de embalagem exterior dobr\u00e1vel<\/p>\n<\/li>\n<li data-start=\"1294\" data-end=\"1324\">\n<p data-start=\"1296\" data-end=\"1324\">Fecho elegante com la\u00e7o de fita<\/p>\n<\/li>\n<li data-start=\"1325\" data-end=\"1368\">\n<p data-start=\"1327\" data-end=\"1368\">Cart\u00e3o r\u00edgido para uma prote\u00e7\u00e3o superior<\/p>\n<\/li>\n<li data-start=\"1369\" data-end=\"1415\">\n<p data-start=\"1371\" data-end=\"1415\">Forte impacto visual para apresenta\u00e7\u00e3o de presentes<\/p>\n<\/li>\n<li data-start=\"1416\" data-end=\"1461\">\n<p data-start=\"1418\" data-end=\"1461\">Concebida para ofertas de luxo e emocionais<\/p>\n<\/li>\n<li data-start=\"1496\" data-end=\"1529\">\n<p data-start=\"1498\" data-end=\"1529\">Cart\u00e3o r\u00edgido de alta qualidade<\/p>\n<\/li>\n<li data-start=\"1530\" data-end=\"1576\">\n<p data-start=\"1532\" data-end=\"1576\">Caixa interior em forma de cora\u00e7\u00e3o para exposi\u00e7\u00e3o do produto<\/p>\n<\/li>\n<li data-start=\"1577\" data-end=\"1620\">\n<p data-start=\"1579\" data-end=\"1620\">Caixa exterior dobr\u00e1vel para uma embalagem segura<\/p>\n<\/li>\n<li data-start=\"1621\" data-end=\"1662\">\n<p data-start=\"1623\" data-end=\"1662\">Superf\u00edcie lisa e mate para um toque de qualidade superior<\/p>\n<\/li>\n<li data-start=\"1663\" data-end=\"1698\">\n<p data-start=\"1665\" data-end=\"1698\">Bordos refor\u00e7ados para maior durabilidade<\/p>\n<\/li>\n<li data-start=\"1734\" data-end=\"1780\">\n<p data-start=\"1736\" data-end=\"1780\">Dimens\u00f5es personalizadas da caixa e do cora\u00e7\u00e3o<\/p>\n<\/li>\n<li data-start=\"1781\" data-end=\"1822\">\n<p data-start=\"1783\" data-end=\"1822\">Impress\u00e3o do log\u00f3tipo e personaliza\u00e7\u00e3o da marca<\/p>\n<\/li>\n<li data-start=\"1823\" data-end=\"1868\">\n<p data-start=\"1825\" data-end=\"1868\">Estampagem a quente, estampagem em folha ou estampagem em relevo<\/p>\n<\/li>\n<li data-start=\"1869\" data-end=\"1905\">\n<p data-start=\"1871\" data-end=\"1905\">Cor e material da fita personalizados<\/p>\n<\/li>\n<li data-start=\"1906\" data-end=\"1940\">\n<p data-start=\"1908\" data-end=\"1940\">Forro interior personalizado ou inser\u00e7\u00e3o<\/p>\n<\/li>\n<li data-start=\"1967\" data-end=\"2001\">\n<p data-start=\"1969\" data-end=\"2001\">Embalagem para prendas do Dia dos Namorados<\/p>\n<\/li>\n<li data-start=\"2002\" data-end=\"2038\">\n<p data-start=\"2004\" data-end=\"2038\">Caixas de oferta de j\u00f3ias e acess\u00f3rios<\/p>\n<\/li>\n<li data-start=\"2039\" data-end=\"2080\">\n<p data-start=\"2041\" data-end=\"2080\">Embalagens de chocolate e de produtos de confeitaria<\/p>\n<\/li>\n<li data-start=\"2081\" data-end=\"2115\">\n<p data-start=\"2083\" data-end=\"2115\">Conjuntos de oferta de perfumes e cosm\u00e9ticos<\/p>\n<\/li>\n<li data-start=\"2116\" data-end=\"2153\">\n<p data-start=\"2118\" data-end=\"2153\">Embalagem de luxo para brindes promocionais<\/p>\n<\/li>\n<\/ul>\n<p data-start=\"2202\" data-end=\"2310\">As embalagens em forma de cora\u00e7\u00e3o comunicam instantaneamente emo\u00e7\u00e3o, cuidado e valor.<br data-start=\"2273\" data-end=\"2276\" \/>Este estilo de embalagem ajuda as marcas:<\/p>\n<ul data-start=\"2312\" data-end=\"2480\">\n<li data-start=\"2312\" data-end=\"2348\">\n<p data-start=\"2314\" data-end=\"2348\">Aumentar o valor percebido do produto<\/p>\n<\/li>\n<li data-start=\"2349\" data-end=\"2385\">\n<p data-start=\"2351\" data-end=\"2385\">Criar momentos memor\u00e1veis de oferta<\/p>\n<\/li>\n<li data-start=\"2386\" data-end=\"2429\">\n<p data-start=\"2388\" data-end=\"2429\">Destaque-se nos expositores de retalho e em linha<\/p>\n<\/li>\n<li data-start=\"2430\" data-end=\"2480\">\n<p data-start=\"2432\" data-end=\"2480\">Refor\u00e7ar a liga\u00e7\u00e3o emocional com os clientes<\/p>\n<\/li>\n<\/ul>","protected":false},"excerpt":{"rendered":"<p>Embalagem de caixa de presente personalizada em forma de cora\u00e7\u00e3o com fecho de fita, perfeita para presentes de luxo e ocasi\u00f5es especiais.<\/p>","protected":false},"featured_media":0,"template":"","meta":{"_joinchat":[]},"product_brand":[],"product_cat":[357,384,15,87,296,314,325,351,354],"product_tag":[403],"class_list":{"0":"post-9206","1":"product","2":"type-product","3":"status-publish","5":"product_cat-wedding-amp-celebration-packaging","6":"product_cat-luxury-clothing-packaging","7":"product_cat-uncategorized","8":"product_cat-double-door-box","9":"product_cat-gift-packaging","10":"product_cat-gift-amp-premium-packaging","11":"product_cat-skin-care-packaging","12":"product_cat-corporate-gift-boxes","13":"product_cat-holiday-gift-packaging","14":"product_tag-game-package","16":"first","17":"instock","18":"product-type-simple"},"acf":[],"_links":{"self":[{"href":"https:\/\/h2packaging.com\/pt\/wp-json\/wp\/v2\/product\/9206","targetHints":{"allow":["GET"]}}],"collection":[{"href":"https:\/\/h2packaging.com\/pt\/wp-json\/wp\/v2\/product"}],"about":[{"href":"https:\/\/h2packaging.com\/pt\/wp-json\/wp\/v2\/types\/product"}],"wp:attachment":[{"href":"https:\/\/h2packaging.com\/pt\/wp-json\/wp\/v2\/media?parent=9206"}],"wp:term":[{"taxonomy":"product_brand","embeddable":true,"href":"https:\/\/h2packaging.com\/pt\/wp-json\/wp\/v2\/product_brand?post=9206"},{"taxonomy":"product_cat","embeddable":true,"href":"https:\/\/h2packaging.com\/pt\/wp-json\/wp\/v2\/product_cat?post=9206"},{"taxonomy":"product_tag","embeddable":true,"href":"https:\/\/h2packaging.com\/pt\/wp-json\/wp\/v2\/product_tag?post=9206"}],"curies":[{"name":"wp","href":"https:\/\/api.w.org\/{rel}","templated":true}]}}