{"id":9219,"date":"2025-12-22T20:57:52","date_gmt":"2025-12-22T12:57:52","guid":{"rendered":"https:\/\/tbc72w920v.onrocket.site\/product\/colorful-round-paper-canister-box-with-lid\/"},"modified":"2026-01-28T16:01:59","modified_gmt":"2026-01-28T08:01:59","slug":"colorful-round-paper-canister-box-with-lid","status":"publish","type":"product","link":"https:\/\/h2packaging.com\/pt\/produto\/colorful-round-paper-canister-box-with-lid\/","title":{"rendered":"Copo de papel impresso personalizado para bebidas takeaway"},"content":{"rendered":"<p data-start=\"870\" data-end=\"1156\">Este <strong data-start=\"875\" data-end=\"903\">copo de papel impresso personalizado<\/strong> foi concebido para bebidas para levar, tais como ch\u00e1, caf\u00e9, ch\u00e1 com leite e bebidas especiais.<br data-start=\"991\" data-end=\"994\" \/>Com uma paleta de cores arrojadas e um design de padr\u00e3o elegante, ajuda as marcas de bebidas a melhorar o reconhecimento visual, ao mesmo tempo que proporciona uma experi\u00eancia de consumo confort\u00e1vel.<\/p>\n<p data-start=\"1158\" data-end=\"1313\">Ideal para utiliza\u00e7\u00e3o di\u00e1ria para levar, campanhas promocionais e colec\u00e7\u00f5es sazonais, esta embalagem de papel para copos combina funcionalidade com um forte apelo de marca.<\/p>\n<ul>\n<li data-start=\"1340\" data-end=\"1382\">\n<p data-start=\"1342\" data-end=\"1382\">Copo de papel impresso personalizado para bebidas<\/p>\n<\/li>\n<li data-start=\"1383\" data-end=\"1419\">\n<p data-start=\"1385\" data-end=\"1419\">Adequado para bebidas quentes e frias<\/p>\n<\/li>\n<li data-start=\"1420\" data-end=\"1457\">\n<p data-start=\"1422\" data-end=\"1457\">Compat\u00edvel com tampas de ch\u00e1vena normais<\/p>\n<\/li>\n<li data-start=\"1458\" data-end=\"1501\">\n<p data-start=\"1460\" data-end=\"1501\">Design apelativo para promo\u00e7\u00e3o da marca<\/p>\n<\/li>\n<li data-start=\"1502\" data-end=\"1538\">\n<p data-start=\"1504\" data-end=\"1538\">Estrutura leve mas robusta<\/p>\n<\/li>\n<li data-start=\"1539\" data-end=\"1578\">\n<p data-start=\"1541\" data-end=\"1578\">Ideal para levar para casa e para utilizar na loja<\/p>\n<\/li>\n<li data-start=\"1613\" data-end=\"1642\">\n<p data-start=\"1615\" data-end=\"1642\">Material de papel de qualidade alimentar<\/p>\n<\/li>\n<li data-start=\"1643\" data-end=\"1688\">\n<p data-start=\"1645\" data-end=\"1688\">Estrutura multicamada para isolamento t\u00e9rmico<\/p>\n<\/li>\n<li data-start=\"1689\" data-end=\"1733\">\n<p data-start=\"1691\" data-end=\"1733\">Superf\u00edcie lisa para uma impress\u00e3o de alta qualidade<\/p>\n<\/li>\n<li data-start=\"1734\" data-end=\"1776\">\n<p data-start=\"1736\" data-end=\"1776\">Resistente a fugas e confort\u00e1vel de segurar<\/p>\n<\/li>\n<li data-start=\"1777\" data-end=\"1821\">\n<p data-start=\"1779\" data-end=\"1821\">Concebida para copos de bebidas de tamanho normal<\/p>\n<\/li>\n<li data-start=\"1857\" data-end=\"1889\">\n<p data-start=\"1859\" data-end=\"1889\">Tamanho e capacidade do copo personalizados<\/p>\n<\/li>\n<li data-start=\"1890\" data-end=\"1925\">\n<p data-start=\"1892\" data-end=\"1925\">Impress\u00e3o do log\u00f3tipo e do padr\u00e3o da marca<\/p>\n<\/li>\n<li data-start=\"1926\" data-end=\"1960\">\n<p data-start=\"1928\" data-end=\"1960\">Correspond\u00eancia de cores CMYK ou Pantone<\/p>\n<\/li>\n<li data-start=\"1961\" data-end=\"1995\">\n<p data-start=\"1963\" data-end=\"1995\">Acabamento de superf\u00edcie mate ou brilhante<\/p>\n<\/li>\n<li data-start=\"1996\" data-end=\"2041\">\n<p data-start=\"1998\" data-end=\"2041\">Adequado para desenhos sazonais ou festivos<\/p>\n<\/li>\n<li data-start=\"2068\" data-end=\"2095\">\n<p data-start=\"2070\" data-end=\"2095\">Marcas de ch\u00e1 e de ch\u00e1 com leite<\/p>\n<\/li>\n<li data-start=\"2096\" data-end=\"2122\">\n<p data-start=\"2098\" data-end=\"2122\">Caf\u00e9s e cafetarias<\/p>\n<\/li>\n<li data-start=\"2123\" data-end=\"2154\">\n<p data-start=\"2125\" data-end=\"2154\">Embalagem de bebidas para levar<\/p>\n<\/li>\n<li data-start=\"2155\" data-end=\"2186\">\n<p data-start=\"2157\" data-end=\"2186\">Embalagens promocionais para bebidas<\/p>\n<\/li>\n<li data-start=\"2187\" data-end=\"2221\">\n<p data-start=\"2189\" data-end=\"2221\">Eventos da marca e lojas pop-up<\/p>\n<\/li>\n<\/ul>\n<p data-start=\"2272\" data-end=\"2385\">Os copos de papel personalizados s\u00e3o mais do que recipientes - s\u00e3o an\u00fancios de marca em movimento.<br data-start=\"2354\" data-end=\"2357\" \/>Esta embalagem ajuda as marcas:<\/p>\n<ul data-start=\"2387\" data-end=\"2533\">\n<li data-start=\"2387\" data-end=\"2416\">\n<p data-start=\"2389\" data-end=\"2416\">Aumentar a visibilidade da marca<\/p>\n<\/li>\n<li data-start=\"2417\" data-end=\"2457\">\n<p data-start=\"2419\" data-end=\"2457\">Melhorar a experi\u00eancia de consumo do cliente<\/p>\n<\/li>\n<li data-start=\"2458\" data-end=\"2487\">\n<p data-start=\"2460\" data-end=\"2487\">Refor\u00e7ar a identidade da marca<\/p>\n<\/li>\n<li data-start=\"2488\" data-end=\"2533\">\n<p data-start=\"2490\" data-end=\"2533\">Destacar-se em mercados de bebidas competitivos<\/p>\n<\/li>\n<\/ul>","protected":false},"excerpt":{"rendered":"<p>Copo de papel impresso personalizado para bebidas para levar, adequado para marcas de ch\u00e1, caf\u00e9 e ch\u00e1 com leite.<\/p>","protected":false},"featured_media":0,"template":"","meta":{"_joinchat":[]},"product_brand":[],"product_cat":[285,294,337,368],"product_tag":[135,243,244,403],"class_list":{"0":"post-9219","1":"product","2":"type-product","3":"status-publish","5":"product_cat-beverage-packaging","6":"product_cat-food-packaging","7":"product_cat-cold-cups","8":"product_cat-beverage-packaging-solution","9":"product_tag-retail-package","10":"product_tag-creative-paper-tube","11":"product_tag-stylish-amp-sustainable-paper-tube-packaging","12":"product_tag-game-package","14":"first","15":"instock","16":"product-type-simple"},"acf":[],"_links":{"self":[{"href":"https:\/\/h2packaging.com\/pt\/wp-json\/wp\/v2\/product\/9219","targetHints":{"allow":["GET"]}}],"collection":[{"href":"https:\/\/h2packaging.com\/pt\/wp-json\/wp\/v2\/product"}],"about":[{"href":"https:\/\/h2packaging.com\/pt\/wp-json\/wp\/v2\/types\/product"}],"wp:attachment":[{"href":"https:\/\/h2packaging.com\/pt\/wp-json\/wp\/v2\/media?parent=9219"}],"wp:term":[{"taxonomy":"product_brand","embeddable":true,"href":"https:\/\/h2packaging.com\/pt\/wp-json\/wp\/v2\/product_brand?post=9219"},{"taxonomy":"product_cat","embeddable":true,"href":"https:\/\/h2packaging.com\/pt\/wp-json\/wp\/v2\/product_cat?post=9219"},{"taxonomy":"product_tag","embeddable":true,"href":"https:\/\/h2packaging.com\/pt\/wp-json\/wp\/v2\/product_tag?post=9219"}],"curies":[{"name":"wp","href":"https:\/\/api.w.org\/{rel}","templated":true}]}}