{"id":9248,"date":"2025-12-22T20:58:50","date_gmt":"2025-12-22T12:58:50","guid":{"rendered":"https:\/\/tbc72w920v.onrocket.site\/product\/white-jewelry-display-tray-set-with-pink-accent-panels\/"},"modified":"2026-01-22T17:15:43","modified_gmt":"2026-01-22T09:15:43","slug":"white-jewelry-display-tray-set-with-pink-accent-panels","status":"publish","type":"product","link":"https:\/\/h2packaging.com\/pt\/produto\/white-jewelry-display-tray-set-with-pink-accent-panels\/","title":{"rendered":"Caixa de embalagem personalizada para alimentos para c\u00e3es - Solu\u00e7\u00e3o criativa de embalagem para alimentos para animais de estima\u00e7\u00e3o"},"content":{"rendered":"<p data-start=\"972\" data-end=\"1132\">Este <strong data-start=\"977\" data-end=\"1010\">caixa de embalagem personalizada para alimentos para c\u00e3es<\/strong> apresenta uma estrutura rotativa e de distribui\u00e7\u00e3o \u00fanica, concebida especificamente para <strong data-start=\"1098\" data-end=\"1131\">marcas de alimentos e guloseimas para c\u00e3es<\/strong>.<\/p>\n<p data-start=\"1134\" data-end=\"1338\">A forma inovadora n\u00e3o s\u00f3 protege a frescura dos alimentos para animais de companhia, como tamb\u00e9m cria uma forte identidade visual nas prateleiras das lojas, tornando-a ideal para as marcas modernas de produtos para animais de companhia que procuram <strong data-start=\"1300\" data-end=\"1337\">embalagens criativas e funcionais<\/strong>.<\/p>\n<ul>\n<li data-start=\"1371\" data-end=\"1420\">\n<p data-start=\"1373\" data-end=\"1420\">Estrutura \u00fanica rotativa e tipo dispensador<\/p>\n<\/li>\n<li data-start=\"1421\" data-end=\"1461\">\n<p data-start=\"1423\" data-end=\"1461\">Concebido para alimentos e guloseimas para c\u00e3es<\/p>\n<\/li>\n<li data-start=\"1462\" data-end=\"1509\">\n<p data-start=\"1464\" data-end=\"1509\">Forte impacto na prateleira com um aspeto l\u00fadico<\/p>\n<\/li>\n<li data-start=\"1510\" data-end=\"1559\">\n<p data-start=\"1512\" data-end=\"1559\">Abertura f\u00e1cil de utilizar para uma distribui\u00e7\u00e3o controlada<\/p>\n<\/li>\n<li data-start=\"1560\" data-end=\"1608\">\n<p data-start=\"1562\" data-end=\"1608\">Embalagem plana e eficiente em termos de espa\u00e7o para envio<\/p>\n<\/li>\n<li data-start=\"1609\" data-end=\"1655\">\n<p data-start=\"1611\" data-end=\"1655\">Excelente superf\u00edcie para impress\u00e3o de log\u00f3tipos personalizados<\/p>\n<\/li>\n<li data-start=\"1700\" data-end=\"1743\">\n<p data-start=\"1702\" data-end=\"1743\">Cart\u00e3o r\u00edgido ou papel kraft de qualidade superior<\/p>\n<\/li>\n<li data-start=\"1744\" data-end=\"1781\">\n<p data-start=\"1746\" data-end=\"1781\">Revestimento interior de qualidade alimentar dispon\u00edvel<\/p>\n<\/li>\n<li data-start=\"1782\" data-end=\"1824\">\n<p data-start=\"1784\" data-end=\"1824\">Estrutura duradoura para abertura repetida<\/p>\n<\/li>\n<li data-start=\"1825\" data-end=\"1859\">\n<p data-start=\"1827\" data-end=\"1859\">Base est\u00e1vel para evitar a queda<\/p>\n<\/li>\n<li data-start=\"1860\" data-end=\"1900\">\n<p data-start=\"1862\" data-end=\"1900\">Adequado para alimentos secos e guloseimas para animais de estima\u00e7\u00e3o<\/p>\n<\/li>\n<li data-start=\"1942\" data-end=\"1971\">\n<p data-start=\"1944\" data-end=\"1971\">Tamanhos e capacidades personalizados<\/p>\n<\/li>\n<li data-start=\"1972\" data-end=\"2011\">\n<p data-start=\"1974\" data-end=\"2011\">Impress\u00e3o a cores CMYK ou Pantone<\/p>\n<\/li>\n<li data-start=\"2012\" data-end=\"2049\">\n<p data-start=\"2014\" data-end=\"2049\">Gr\u00e1ficos de marca e mascotes personalizados<\/p>\n<\/li>\n<li data-start=\"2050\" data-end=\"2080\">\n<p data-start=\"2052\" data-end=\"2080\">Acabamento mate ou suave ao toque<\/p>\n<\/li>\n<li data-start=\"2081\" data-end=\"2122\">\n<p data-start=\"2083\" data-end=\"2122\">Materiais ecol\u00f3gicos e recicl\u00e1veis<\/p>\n<\/li>\n<li data-start=\"2123\" data-end=\"2164\">\n<p data-start=\"2125\" data-end=\"2164\">Baixo MOQ para embalagens personalizadas de alimentos para animais de estima\u00e7\u00e3o<\/p>\n<\/li>\n<li data-start=\"2197\" data-end=\"2219\">\n<p data-start=\"2199\" data-end=\"2219\">Embalagem de alimentos para c\u00e3es<\/p>\n<\/li>\n<li data-start=\"2220\" data-end=\"2243\">\n<p data-start=\"2222\" data-end=\"2243\">Embalagem de guloseimas para animais de estima\u00e7\u00e3o<\/p>\n<\/li>\n<li data-start=\"2244\" data-end=\"2262\">\n<p data-start=\"2246\" data-end=\"2262\">Petiscos secos para animais de estima\u00e7\u00e3o<\/p>\n<\/li>\n<li data-start=\"2263\" data-end=\"2289\">\n<p data-start=\"2265\" data-end=\"2289\">Caixas de assinatura para animais de estima\u00e7\u00e3o<\/p>\n<\/li>\n<li data-start=\"2290\" data-end=\"2320\">\n<p data-start=\"2292\" data-end=\"2320\">Conjuntos de oferta de alimentos premium para animais de estima\u00e7\u00e3o<\/p>\n<\/li>\n<\/ul>\n<p data-start=\"2382\" data-end=\"2423\">Embalagens criativas para alimentos para animais de estima\u00e7\u00e3o ajudam as marcas:<\/p>\n<ul data-start=\"2425\" data-end=\"2610\">\n<li data-start=\"2425\" data-end=\"2465\">\n<p data-start=\"2427\" data-end=\"2465\">Destacar-se em mercados competitivos de animais de companhia<\/p>\n<\/li>\n<li data-start=\"2466\" data-end=\"2513\">\n<p data-start=\"2468\" data-end=\"2513\">Melhorar a intera\u00e7\u00e3o e a experi\u00eancia do cliente<\/p>\n<\/li>\n<li data-start=\"2514\" data-end=\"2560\">\n<p data-start=\"2516\" data-end=\"2560\">Criar uma liga\u00e7\u00e3o emocional com os donos dos animais<\/p>\n<\/li>\n<li data-start=\"2561\" data-end=\"2610\">\n<p data-start=\"2563\" data-end=\"2610\">Melhorar a memoriza\u00e7\u00e3o da marca e a presen\u00e7a nas prateleiras<\/p>\n<\/li>\n<\/ul>\n<p data-start=\"2612\" data-end=\"2701\">Este design de embalagem transforma os alimentos para animais de estima\u00e7\u00e3o numa <strong data-start=\"2661\" data-end=\"2700\">produto divertido, partilh\u00e1vel e de qualidade superior<\/strong>.<\/p>","protected":false},"excerpt":{"rendered":"<p>Caixa de embalagem criativa e personalizada para alimentos para c\u00e3es, concebida para alimentos e guloseimas de alta qualidade para animais de estima\u00e7\u00e3o.<\/p>","protected":false},"featured_media":0,"template":"","meta":{"_joinchat":[]},"product_brand":[],"product_cat":[15,299,363,364,366],"product_tag":[226],"class_list":{"0":"post-9248","1":"product","2":"type-product","3":"status-publish","5":"product_cat-uncategorized","6":"product_cat-pet-packaging","7":"product_cat-ring-packaging","8":"product_cat-dog-treat-packaging","9":"product_cat-pet-food-packaging","10":"product_tag-jewelry-package","12":"first","13":"instock","14":"product-type-simple"},"acf":[],"_links":{"self":[{"href":"https:\/\/h2packaging.com\/pt\/wp-json\/wp\/v2\/product\/9248","targetHints":{"allow":["GET"]}}],"collection":[{"href":"https:\/\/h2packaging.com\/pt\/wp-json\/wp\/v2\/product"}],"about":[{"href":"https:\/\/h2packaging.com\/pt\/wp-json\/wp\/v2\/types\/product"}],"wp:attachment":[{"href":"https:\/\/h2packaging.com\/pt\/wp-json\/wp\/v2\/media?parent=9248"}],"wp:term":[{"taxonomy":"product_brand","embeddable":true,"href":"https:\/\/h2packaging.com\/pt\/wp-json\/wp\/v2\/product_brand?post=9248"},{"taxonomy":"product_cat","embeddable":true,"href":"https:\/\/h2packaging.com\/pt\/wp-json\/wp\/v2\/product_cat?post=9248"},{"taxonomy":"product_tag","embeddable":true,"href":"https:\/\/h2packaging.com\/pt\/wp-json\/wp\/v2\/product_tag?post=9248"}],"curies":[{"name":"wp","href":"https:\/\/api.w.org\/{rel}","templated":true}]}}