{"id":9518,"date":"2025-12-22T21:18:31","date_gmt":"2025-12-22T13:18:31","guid":{"rendered":"https:\/\/tbc72w920v.onrocket.site\/product\/eco-friendly-white-molded-pulp-box-with-secure-lid\/"},"modified":"2026-01-08T17:07:25","modified_gmt":"2026-01-08T09:07:25","slug":"eco-friendly-white-molded-pulp-box","status":"publish","type":"product","link":"https:\/\/h2packaging.com\/pt\/produto\/eco-friendly-white-molded-pulp-box\/","title":{"rendered":"Caixa de oferta triangular magn\u00e9tica personalizada para embalagens criativas"},"content":{"rendered":"<p data-start=\"1292\" data-end=\"1676\">Esta caixa de oferta triangular magn\u00e9tica flip-top apresenta uma forma geom\u00e9trica arrojada combinada com um fecho magn\u00e9tico suave e uma pega em fita, criando uma experi\u00eancia de embalagem distinta e memor\u00e1vel para marcas modernas.<\/p>\n<p data-start=\"1671\" data-end=\"1908\">A nossa caixa de oferta triangular com fecho magn\u00e9tico foi concebida para romper com as formas de caixa tradicionais. A estrutura angular capta imediatamente a aten\u00e7\u00e3o, enquanto o fecho magn\u00e9tico garante uma experi\u00eancia de abertura e fecho limpa e sem esfor\u00e7o.<\/p>\n<p data-start=\"1910\" data-end=\"2155\">A pega de fita integrada acrescenta portabilidade e um toque de prenda, enquanto a tipografia em relevo melhora a qualidade t\u00e1til e o reconhecimento da marca. Este estilo de embalagem \u00e9 ideal para marcas de estilo de vida, caixas de subscri\u00e7\u00e3o e conjuntos de presentes de edi\u00e7\u00e3o limitada.<\/p>\n<ul>\n<li data-start=\"2189\" data-end=\"2249\">\n<p data-start=\"2191\" data-end=\"2249\">Estrutura de caixa triangular \u00fanica para um forte impacto visual<\/p>\n<\/li>\n<li data-start=\"2250\" data-end=\"2306\">\n<p data-start=\"2252\" data-end=\"2306\">Fecho magn\u00e9tico flip-top para uma abertura suave e segura<\/p>\n<\/li>\n<li data-start=\"2307\" data-end=\"2353\">\n<p data-start=\"2309\" data-end=\"2353\">Pega de fita integrada para f\u00e1cil transporte<\/p>\n<\/li>\n<li data-start=\"2354\" data-end=\"2400\">\n<p data-start=\"2356\" data-end=\"2400\">Texto em relevo para uma express\u00e3o t\u00e1til da marca<\/p>\n<\/li>\n<li data-start=\"2401\" data-end=\"2459\">\n<p data-start=\"2403\" data-end=\"2459\">Ideal para embalagens de marcas criativas, de estilo de vida e DTC<\/p>\n<\/li>\n<li data-start=\"2608\" data-end=\"2652\">\n<p data-start=\"2610\" data-end=\"2652\">Tamanho, propor\u00e7\u00f5es e \u00e2ngulos de caixa personalizados<\/p>\n<\/li>\n<li data-start=\"2653\" data-end=\"2697\">\n<p data-start=\"2655\" data-end=\"2697\">Cor, largura e material da fita personalizados<\/p>\n<\/li>\n<li data-start=\"2698\" data-end=\"2741\">\n<p data-start=\"2700\" data-end=\"2741\">Log\u00f3tipo e tipografia em relevo \/ debossed<\/p>\n<\/li>\n<li data-start=\"2742\" data-end=\"2793\">\n<p data-start=\"2744\" data-end=\"2793\">Impress\u00e3o, padr\u00f5es e acabamentos de superf\u00edcie personalizados<\/p>\n<\/li>\n<li data-start=\"2794\" data-end=\"2832\">\n<p data-start=\"2796\" data-end=\"2832\">Aceitar <strong data-start=\"2803\" data-end=\"2830\">OEM \/ ODM \/ Log\u00f3tipo personalizado<\/strong><\/p>\n<\/li>\n<li data-start=\"2866\" data-end=\"2911\">\n<p data-start=\"2868\" data-end=\"2911\">Conjuntos de oferta de marca e embalagens promocionais<\/p>\n<\/li>\n<li data-start=\"2912\" data-end=\"2949\">\n<p data-start=\"2914\" data-end=\"2949\">Caixas de subscri\u00e7\u00e3o e de ades\u00e3o<\/p>\n<\/li>\n<li data-start=\"2950\" data-end=\"2995\">\n<p data-start=\"2952\" data-end=\"2995\">Estilo de vida, moda e produtos criativos<\/p>\n<\/li>\n<li data-start=\"2996\" data-end=\"3046\">\n<p data-start=\"2998\" data-end=\"3046\">Evento, campanha e embalagens de edi\u00e7\u00e3o limitada<\/p>\n<\/li>\n<li data-start=\"3087\" data-end=\"3124\">\n<p data-start=\"3089\" data-end=\"3124\">Cart\u00e3o de qualidade superior ou cart\u00e3o r\u00edgido<\/p>\n<\/li>\n<li data-start=\"3125\" data-end=\"3152\">\n<p data-start=\"3127\" data-end=\"3152\">Sistema de fecho magn\u00e9tico<\/p>\n<\/li>\n<li data-start=\"3153\" data-end=\"3188\">\n<p data-start=\"3155\" data-end=\"3188\">Grava\u00e7\u00e3o \/ grava\u00e7\u00e3o em relevo dispon\u00edvel<\/p>\n<\/li>\n<li data-start=\"3189\" data-end=\"3223\">\n<p data-start=\"3191\" data-end=\"3223\">Lamina\u00e7\u00e3o mate ou suave ao tato<\/p>\n<\/li>\n<li data-start=\"3224\" data-end=\"3260\">\n<p data-start=\"3226\" data-end=\"3260\">Apoio a materiais ecol\u00f3gicos<\/p>\n<\/li>\n<li data-start=\"2794\" data-end=\"2832\"><\/li>\n<li data-start=\"2401\" data-end=\"2459\"><\/li>\n<\/ul>","protected":false},"excerpt":{"rendered":"<p>Caixa de oferta triangular magn\u00e9tica flip-top com pega em fita e texto em relevo. Totalmente personaliz\u00e1vel em termos de tamanho, estrutura, materiais e marca.<\/p>","protected":false},"featured_media":0,"template":"","meta":{"_joinchat":[]},"product_brand":[],"product_cat":[77,296,86,351,353,354,356,372,15,65,67],"product_tag":[135,142,152,153,156,163,181,186,218],"class_list":{"0":"post-9518","1":"product","2":"type-product","3":"status-publish","5":"product_cat-flip-lid-box","6":"product_cat-gift-packaging","7":"product_cat-custom-shape","8":"product_cat-corporate-gift-boxes","9":"product_cat-food-gift-boxes","10":"product_cat-holiday-gift-packaging","11":"product_cat-seasonal-gift-packaging","12":"product_cat-gift-packaging-boxes","13":"product_cat-uncategorized","14":"product_cat-paperboard-box-packaging","15":"product_cat-rigid-box","16":"product_tag-retail-package","17":"product_tag-gift-package","18":"product_tag-gift-packaging","19":"product_tag-inserts","20":"product_tag-sustainable-packaging","21":"product_tag-lifestyle-gift-packaging","22":"product_tag-molded-pulp-inserts","23":"product_tag-skincare-packaging","24":"product_tag-soap-packaging","26":"first","27":"instock","28":"product-type-simple"},"acf":[],"_links":{"self":[{"href":"https:\/\/h2packaging.com\/pt\/wp-json\/wp\/v2\/product\/9518","targetHints":{"allow":["GET"]}}],"collection":[{"href":"https:\/\/h2packaging.com\/pt\/wp-json\/wp\/v2\/product"}],"about":[{"href":"https:\/\/h2packaging.com\/pt\/wp-json\/wp\/v2\/types\/product"}],"wp:attachment":[{"href":"https:\/\/h2packaging.com\/pt\/wp-json\/wp\/v2\/media?parent=9518"}],"wp:term":[{"taxonomy":"product_brand","embeddable":true,"href":"https:\/\/h2packaging.com\/pt\/wp-json\/wp\/v2\/product_brand?post=9518"},{"taxonomy":"product_cat","embeddable":true,"href":"https:\/\/h2packaging.com\/pt\/wp-json\/wp\/v2\/product_cat?post=9518"},{"taxonomy":"product_tag","embeddable":true,"href":"https:\/\/h2packaging.com\/pt\/wp-json\/wp\/v2\/product_tag?post=9518"}],"curies":[{"name":"wp","href":"https:\/\/api.w.org\/{rel}","templated":true}]}}